{"id":1786,"date":"2020-02-14T15:34:19","date_gmt":"2020-02-14T06:34:19","guid":{"rendered":"https:\/\/amandathompson.net\/about\/"},"modified":"2023-06-18T10:15:36","modified_gmt":"2023-06-18T01:15:36","slug":"about","status":"publish","type":"page","link":"https:\/\/amandathompson.net\/de\/about\/","title":{"rendered":"Biografie"},"content":{"rendered":"<section id=\"builder-section-text_11\" class=\"builder-section-first builder-section builder-section-text builder-section-last builder-text-columns-1\" style=\"background-size: cover; background-repeat: no-repeat;background-position: center center;\">\n<div class=\"builder-section-content\">\n<div class=\"builder-text-row\">\n<div class=\"builder-text-column builder-text-column-1\" id=\"builder-section-text_11-column-1\">\n<div class=\"builder-text-content\">\n<p><img loading=\"lazy\" decoding=\"async\" class=\"alignleft size-full wp-image-458 lazyload\" src=\"data:image\/gif;base64,R0lGODlhAQABAAAAACH5BAEKAAEALAAAAAABAAEAAAICTAEAOw==\" alt=\"Amanda Thompson\" width=\"208\" height=\"208\" data-src=\"https:\/\/amandathompson.net\/wp-content\/uploads\/2012\/08\/page2_img1.jpg\"><\/p>\n<p>Amanda Thompson ist eine K\u00fcnstlerin aus dem Vereinigten K\u00f6nigreich, die jetzt in Japan lebt und arbeitet.<br \/>Sie arbeitet in analogen und digitalen Formaten. Ihre ersten Computergrafikkenntnisse erwarb sie an einer japanischen Wirtschaftsschule. Fr\u00fche grafische Arbeiten waren im japanischen Fernsehen zu sehen und wurden in Tokio ausgestellt.<br \/>Bei ihren digitalen Arbeiten verwendet sie Computersoftware, um Zeichnungen und Fotografien in Grafikdesigns zu verarbeiten.<br \/>Bei analogen Arbeiten bevorzugt sie Collagen, Aquarellfarben, Tusche und Buntstifte. Und in hybriden Werken kombiniert sie alle diese Elemente.<br \/>Die analogen Collagen auf der Website werden aus Zeitungen, Zeitschriften und B\u00fcchern aus Japan, Europa und den USA hergestellt. Japan ist ein Land, das Papier in allen Lebensbereichen sch\u00e4tzt: Papierkunst, Papiergeld und Origami. F\u00fcr die digitalen Collagen werden Adobe Illustrator und Photoshop verwendet.<br \/>Muster, Mosaike und Geometrie beeinflussen die Kunstwerke.\u00a0 Amanda Thompsons Textil- und Musterdesigns<a href=\"https:\/\/amandathompson.com\/\" target=\"_blank\" rel=\"noopener\"> sind hier separat zu finden<\/a>. Das Textildesign, das sie auf Reisen in Russland, Aserbaidschan, Georgien und Usbekistan kennenlernte, brachte ihr neue Ideen f\u00fcr Farbe und Design. In ihren sp\u00e4ten Teenagerjahren bot ihr der Musikunterricht am London College of Music die Gelegenheit, bei Liberty&#8217;s of London nebenan in Stoffen zu st\u00f6bern. Sp\u00e4ter waren Stoffe und Oberfl\u00e4chendesign aus Japan, Asien und Afrika eine Quelle der Anregung. Mit einem fremdsprachlichen Hintergrund waren visuell unterschiedliche Schriftsysteme immer von Interesse. Familienmitglieder, die stricken, kl\u00f6ppeln und kl\u00f6ppeln konnten, sowie die fr\u00fche Computertechnik vermittelten vielf\u00e4ltige Erfahrungen mit dem Aufbau visueller Strukturen.<br \/>Nach ihrem BA-Abschluss an der University of Cambridge (Moderne und mittelalterliche Sprachen 1993) arbeitete sie im japanischen Bildungssektor: Sie unterrichtete an Universit\u00e4ten, Schulen und in der Wirtschaft und redigierte Lernmedien f\u00fcr Unternehmen wie BBC Worldwide. Themen der visuellen K\u00fcnste pr\u00e4gten zwei Postgraduierten-Dissertationen: MA in European Literature (University of Sussex 1997) und MSc in Digital Education (University of Edinburgh 2016).<br \/>Amanda Thompson kann kontaktiert werden, um unterhaltsame Lehrveranstaltungen, Vortr\u00e4ge und Firmenevents zu planen, entweder pers\u00f6nlich oder online. Alle diese Veranstaltungen k\u00f6nnen auf Englisch, Japanisch oder Deutsch ohne Dolmetscher durchgef\u00fchrt werden. Bitte nutzen Sie die <a href=\"https:\/\/amandathompson.net\/de\/kontakt\/\" target=\"_blank\" rel=\"noopener\">Kontaktseite<\/a>, um sich \u00fcber Buchungen zu erkundigen oder Arbeiten in Auftrag zu geben.<\/p>\n<\/p><\/div>\n<\/p><\/div>\n<\/p><\/div>\n<\/p><\/div>\n<\/section>\n","protected":false},"excerpt":{"rendered":"<p>Amanda Thompson ist eine K\u00fcnstlerin aus dem Vereinigten K\u00f6nigreich, die jetzt in Japan lebt und arbeitet.Sie arbeitet in analogen und digitalen Formaten. Ihre ersten Computergrafikkenntnisse erwarb sie an einer japanischen Wirtschaftsschule. Fr\u00fche grafische Arbeiten waren im japanischen Fernsehen zu sehen und wurden in Tokio ausgestellt.Bei ihren digitalen Arbeiten verwendet sie Computersoftware, um Zeichnungen und Fotografien &hellip;<\/p>\n","protected":false},"author":3,"featured_media":0,"parent":0,"menu_order":0,"comment_status":"closed","ping_status":"closed","template":"template-builder.php","meta":{"footnotes":""},"class_list":["post-1786","page","type-page","status-publish","hentry"],"_links":{"self":[{"href":"https:\/\/amandathompson.net\/de\/wp-json\/wp\/v2\/pages\/1786","targetHints":{"allow":["GET"]}}],"collection":[{"href":"https:\/\/amandathompson.net\/de\/wp-json\/wp\/v2\/pages"}],"about":[{"href":"https:\/\/amandathompson.net\/de\/wp-json\/wp\/v2\/types\/page"}],"author":[{"embeddable":true,"href":"https:\/\/amandathompson.net\/de\/wp-json\/wp\/v2\/users\/3"}],"replies":[{"embeddable":true,"href":"https:\/\/amandathompson.net\/de\/wp-json\/wp\/v2\/comments?post=1786"}],"version-history":[{"count":1,"href":"https:\/\/amandathompson.net\/de\/wp-json\/wp\/v2\/pages\/1786\/revisions"}],"predecessor-version":[{"id":2263,"href":"https:\/\/amandathompson.net\/de\/wp-json\/wp\/v2\/pages\/1786\/revisions\/2263"}],"wp:attachment":[{"href":"https:\/\/amandathompson.net\/de\/wp-json\/wp\/v2\/media?parent=1786"}],"curies":[{"name":"wp","href":"https:\/\/api.w.org\/{rel}","templated":true}]}}