{"id":1868,"date":"2020-02-20T12:03:37","date_gmt":"2020-02-20T03:03:37","guid":{"rendered":"https:\/\/amandathompson.net\/kontakt\/"},"modified":"2020-07-01T11:10:49","modified_gmt":"2020-07-01T02:10:49","slug":"kontakt","status":"publish","type":"page","link":"https:\/\/amandathompson.net\/de\/kontakt\/","title":{"rendered":"Kontakt"},"content":{"rendered":"<section id=\"builder-section-text_11\" class=\"builder-section-first builder-section builder-section-text builder-section-last builder-text-columns-1\" style=\"background-size: cover; background-repeat: no-repeat; background-position: center center;\">\n<div class=\"builder-section-content\">\n<div class=\"builder-text-row\">\n<div id=\"builder-section-text_11-column-1\" class=\"builder-text-column builder-text-column-1\">\n<div class=\"builder-text-content\">\n<p>Wir w\u00fcrden gerne von Ihnen h\u00f6ren. Bitte benutzen Sie das Formular.<\/p>\n<\/div>\n<\/div>\n<\/div>\n<div class=\"builder-text-row\">\n<div id=\"builder-section-text_11-column-1\" class=\"builder-text-column builder-text-column-2\">\n<div class=\"builder-text-content\">\n<link rel='stylesheet' id='formidable-css' href='https:\/\/amandathompson.net\/wp-content\/plugins\/formidable\/css\/formidableforms.css?ver=326557' type='text\/css' media='all' \/>\n<div class=\"frm_forms  with_frm_style frm_style_at-net-1-0-style\" id=\"frm_form_2_container\" data-token=\"c90c07853249d1c930b71e3af9cb3aa1\">\n<form enctype=\"multipart\/form-data\" method=\"post\" class=\"frm-show-form  frm_pro_form \" id=\"form_at-net-formidable-contact-form-eng-1-0\" data-token=\"c90c07853249d1c930b71e3af9cb3aa1\">\n<div class=\"frm_form_fields \">\n<fieldset>\n<legend class=\"frm_screen_reader\">AT NET Formidable Contact Form DE 1.0<\/legend>\r\n\r\n<div class=\"frm_fields_container\">\n<input type=\"hidden\" name=\"frm_action\" value=\"create\" \/>\n<input type=\"hidden\" name=\"form_id\" value=\"2\" \/>\n<input type=\"hidden\" name=\"frm_hide_fields_2\" id=\"frm_hide_fields_2\" value=\"\" \/>\n<input type=\"hidden\" name=\"form_key\" value=\"at-net-formidable-contact-form-eng-1-0\" \/>\n<input type=\"hidden\" name=\"item_meta[0]\" value=\"\" \/>\n<input type=\"hidden\" id=\"frm_submit_entry_2\" name=\"frm_submit_entry_2\" value=\"cdf5c375be\" \/><input type=\"hidden\" name=\"_wp_http_referer\" value=\"\/de\/wp-json\/wp\/v2\/pages\/1868\" \/><div id=\"frm_field_6_container\" class=\"frm_form_field form-field  frm_required_field frm_top_container frm_first frm_half\">\r\n    <label for=\"field_wwtp303\" id=\"field_wwtp303_label\" class=\"frm_primary_label\">Vorname\r\n        <span class=\"frm_required\">*<\/span>\r\n    <\/label>\r\n    <input  type=\"text\" id=\"field_wwtp303\" name=\"item_meta[6]\" value=\"\"  data-reqmsg=\"Bitte schreiben Sie in dieses Feld.\" aria-required=\"true\" data-invmsg=\"Name ist ung\u00fcltig\" aria-invalid=\"false\"   \/>\r\n    \r\n    \r\n<\/div>\n<div id=\"frm_field_7_container\" class=\"frm_form_field form-field  frm_required_field frm_top_container frm_half\">\r\n    <label for=\"field_oag1ms3\" id=\"field_oag1ms3_label\" class=\"frm_primary_label\">Nachname\r\n        <span class=\"frm_required\">*<\/span>\r\n    <\/label>\r\n    <input  type=\"text\" id=\"field_oag1ms3\" name=\"item_meta[7]\" value=\"\"  data-reqmsg=\"Bitte schreiben Sie in dieses Feld.\" aria-required=\"true\" data-invmsg=\"Letzter ist ung\u00fcltig\" aria-invalid=\"false\"   \/>\r\n    \r\n    \r\n<\/div>\n<div id=\"frm_field_8_container\" class=\"frm_form_field form-field  frm_required_field frm_top_container frm_first frm_half\">\r\n    <label for=\"field_xnkv8k3\" id=\"field_xnkv8k3_label\" class=\"frm_primary_label\">E-Mail-Addresse\r\n        <span class=\"frm_required\">*<\/span>\r\n    <\/label>\r\n    <input type=\"email\" id=\"field_xnkv8k3\" name=\"item_meta[8]\" value=\"\"  data-reqmsg=\"Bitte schreiben Sie in dieses Feld.\" aria-required=\"true\" data-invmsg=\"Bitte geben Sie eine g\u00fcltige E-Mail-Adresse ein.\" aria-invalid=\"false\"  \/>\r\n    \r\n    \r\n<\/div>\n<div id=\"frm_field_conf_8_container\" class=\"frm_form_field frm_hidden_container frm_conf_field form-field  frm_required_field frm_top_container  frm_half\">\r\n    <label for=\"field_conf_xnkv8k3\" id=\"field_conf_xnkv8k3_label\" class=\"frm_conf_label frm_primary_label\">Best\u00e4tigen E-Mail-Addresse\r\n        <span class=\"frm_required\">*<\/span>\r\n    <\/label>\r\n    <input type=\"email\" id=\"field_conf_xnkv8k3\" name=\"item_meta[conf_8]\" value=\"\"  data-reqmsg=\"Bitte schreiben Sie in dieses Feld.\" aria-required=\"true\" data-confmsg=\"Entschuldigung, aber die Best\u00e4tigungs-E-Mail stimmt nicht \u00fcberein. Bitte geben Sie es erneut ein.\" data-invmsg=\"Bitte geben Sie eine g\u00fcltige E-Mail-Adresse ein.\" aria-invalid=\"false\"   aria-describedby=\"frm_desc_field_conf_xnkv8k3\"\/>\r\n    <div class=\"frm_description\" id=\"frm_desc_field_conf_xnkv8k3\">Email Best\u00e4tigung<\/div>\r\n    \r\n<\/div>\n<div id=\"frm_field_9_container\" class=\"frm_form_field form-field  frm_top_container\">\r\n    <label for=\"field_7ch5ll3\" id=\"field_7ch5ll3_label\" class=\"frm_primary_label\">Website\r\n        <span class=\"frm_required\"><\/span>\r\n    <\/label>\r\n    <input type=\"url\" id=\"field_7ch5ll3\" name=\"item_meta[9]\" value=\"\"  data-invmsg=\"Bitte geben Sie eine g\u00fcltige Websiteaddresse ein.\" aria-invalid=\"false\"  \/>\r\n    \r\n    \r\n<\/div>\n<div id=\"frm_field_12_container\" class=\"frm_form_field form-field  frm_required_field frm_top_container vertical_radio\">\r\n    <div  id=\"field_b994k_label\" class=\"frm_primary_label\">Wie k\u00f6nnen wir Ihnen behilflich sein?\r\n        <span class=\"frm_required\">*<\/span>\r\n    <\/div>\r\n    <div class=\"frm_opt_container\" aria-labelledby=\"field_b994k_label\" role=\"group\">\t\t<div class=\"frm_checkbox\" id=\"frm_checkbox_12-0\">\t\t\t<label  for=\"field_b994k-0\">\n\t\t\t<input type=\"checkbox\" name=\"item_meta[12][]\" id=\"field_b994k-0\" value=\"Question about artwork on the site\"  data-frmlimit=\"2\"  data-reqmsg=\"Please type in this space. It cannot be left blank.\" data-invmsg=\"Wie k\u00f6nnen wir Ihnen behilflich sein? ist ung\u00fcltig\"   aria-required=\"true\"  \/> Frage zu Kunstwerken auf der Website<\/label><\/div>\n\t\t<div class=\"frm_checkbox\" id=\"frm_checkbox_12-1\">\t\t\t<label  for=\"field_b994k-1\">\n\t\t\t<input type=\"checkbox\" name=\"item_meta[12][]\" id=\"field_b994k-1\" value=\"Request for login account to view portfolio and collections\"  data-frmlimit=\"2\"  data-reqmsg=\"Please type in this space. It cannot be left blank.\" data-invmsg=\"Wie k\u00f6nnen wir Ihnen behilflich sein? ist ung\u00fcltig\"   \/> Bitte um ein Anmeldekonto (um Portfolio &amp; Kollektion genauer nachzuschauen)<\/label><\/div>\n\t\t<div class=\"frm_checkbox\" id=\"frm_checkbox_12-2\">\t\t\t<label  for=\"field_b994k-2\">\n\t\t\t<input type=\"checkbox\" name=\"item_meta[12][]\" id=\"field_b994k-2\" value=\"Enquiry about artwork commissioning \/ licensing\"  data-frmlimit=\"2\"  data-reqmsg=\"Please type in this space. It cannot be left blank.\" data-invmsg=\"Wie k\u00f6nnen wir Ihnen behilflich sein? ist ung\u00fcltig\"   \/> Anfrage zu Beauftragungen \/ Lizenzierung<\/label><\/div>\n\t\t<div class=\"frm_checkbox\" id=\"frm_checkbox_12-3\">\t\t\t<label  for=\"field_b994k-3\">\n\t\t\t<input type=\"checkbox\" name=\"item_meta[12][]\" id=\"field_b994k-3\" value=\"Site privacy \/ GDPR policy\"  data-frmlimit=\"2\"  data-reqmsg=\"Please type in this space. It cannot be left blank.\" data-invmsg=\"Wie k\u00f6nnen wir Ihnen behilflich sein? ist ung\u00fcltig\"   \/> Frage zum Datenschutz der Website \/ GDPR-Richtlinien<\/label><\/div>\n\t\t<div class=\"frm_checkbox\" id=\"frm_checkbox_12-4\">\t\t\t<label  for=\"field_b994k-4\">\n\t\t\t<input type=\"checkbox\" name=\"item_meta[12][]\" id=\"field_b994k-4\" value=\"Other\"  data-frmlimit=\"2\"  data-reqmsg=\"Please type in this space. It cannot be left blank.\" data-invmsg=\"Wie k\u00f6nnen wir Ihnen behilflich sein? ist ung\u00fcltig\"   \/> Andere<\/label><\/div>\n<\/div>\r\n    \r\n    \r\n<\/div>\n<div id=\"frm_field_17_container\" class=\"frm_form_field form-field  frm_required_field frm_top_container\">\r\n    <label for=\"field_h5g8w\" id=\"field_h5g8w_label\" class=\"frm_primary_label\">Bitte geben Sie hier Ihre Nachricht ein.\r\n        <span class=\"frm_required\">*<\/span>\r\n    <\/label>\r\n    <textarea name=\"item_meta[17]\" id=\"field_h5g8w\" rows=\"5\"  data-reqmsg=\"Bitte schreiben Sie in dieses Feld.\" aria-required=\"true\" data-invmsg=\"Bitte geben Sie hier Ihre Nachricht ein. ist ung\u00fcltig\" aria-invalid=\"false\"  ><\/textarea>\r\n    \r\n    \r\n<\/div>\n\t\t<input  type=\"hidden\" name=\"item_meta[41]\" id=\"field_9gn2y\" value=\"de\"  data-frmval=\"de\"   \/>\n\t\t<div id=\"frm_field_72_container\" class=\"frm_form_field form-field  frm_top_container vertical_radio\">\r\n    <div  id=\"field_zljs6_label\" class=\"frm_primary_label\">M\u00f6chten Sie auch unseren Newsletter abonnieren? Bitte aktivieren Sie dieses Kontrollk\u00e4stchen, wenn Sie unseren Newsletter abonnieren m\u00f6chten. Sie k\u00f6nnen sich jederzeit abmelden.\r\n        <span class=\"frm_required\"><\/span>\r\n    <\/div>\r\n    <div class=\"frm_opt_container\" aria-labelledby=\"field_zljs6_label\" role=\"group\">\t\t<div class=\"frm_checkbox\" id=\"frm_checkbox_72-0\">\t\t\t<label  for=\"field_zljs6-0\">\n\t\t\t<input type=\"checkbox\" name=\"item_meta[72][]\" id=\"field_zljs6-0\" value=\"Yes, please subscribe me.\"  data-frmlimit=\"2\"  data-invmsg=\"M\u00f6chten Sie auch unseren Newsletter abonnieren? Bitte aktivieren Sie dieses Kontrollk\u00e4stchen, wenn Sie unseren Newsletter abonnieren m\u00f6chten. Sie k\u00f6nnen sich jederzeit abmelden. ist ung\u00fcltig\"   \/> Ja, ich m\u00f6chte abonnieren.<\/label><\/div>\n<\/div>\r\n    \r\n    \r\n<\/div>\n<div id=\"frm_field_18_container\" class=\"frm_form_field form-field  frm_required_field frm_top_container vertical_radio\">\r\n    <div  id=\"field_isjbd_label\" class=\"frm_primary_label\">\r\n        <span class=\"frm_required\">*<\/span>\r\n    <\/div>\r\n    <div class=\"frm_opt_container\" aria-labelledby=\"field_isjbd_label\" role=\"group\">\t\t<div class=\"frm_checkbox\" id=\"frm_checkbox_18-0\">\t\t\t<label  for=\"field_isjbd-0\">\n\t\t\t<input type=\"checkbox\" name=\"item_meta[18][]\" id=\"field_isjbd-0\" value=\"I have read the website &lt;a href=&quot;https:\/\/amandathompson.net\/privacy-policy\/&quot; target=&quot;_blank&quot;&gt; Privacy Policy &lt;\/a&gt;and accept the &lt;a href=&quot;https:\/\/amandathompson.net\/terms-conditions\/&quot; target=&quot;_blank&quot;&gt; Terms and Conditions&lt;\/a&gt;.\"  data-reqmsg=\"Bitte schreiben Sie in dieses Feld.\" data-invmsg=\"Dieses Feld ist ung\u00fcltig\"   aria-required=\"true\"  \/> Ich habe die <a>Datenschutzbestimmungen<\/a> der Website gelesen und akzeptiere die <a>Allgemeinen Gesch\u00e4ftsbedingungen<\/a>.<\/label><\/div>\n<\/div>\r\n    \r\n    \r\n<\/div>\n\t<input type=\"hidden\" name=\"item_key\" value=\"\" \/>\n\t\t\t<div id=\"frm_field_87_container\">\n\t\t\t<label for=\"field_gdqzr\" >\n\t\t\t\tFalls Du menschlich bist, lasse dieses Feld leer.\t\t\t<\/label>\n\t\t\t<input  id=\"field_gdqzr\" type=\"text\" class=\"frm_form_field form-field frm_verify\" name=\"item_meta[87]\" value=\"\"  \/>\n\t\t<\/div>\n\t\t<input name=\"frm_state\" type=\"hidden\" value=\"wj5z8fM3kmnN3f+Q\/3qQTCjQ\/P+JBcy5vWpEeCU8BJB9Dg2pFPlYNjw7fYisxJZ7\" \/><div class=\"frm_submit\">\r\n\r\n<button class=\"frm_button_submit frm_final_submit\" type=\"submit\"   formnovalidate=\"formnovalidate\">Senden<\/button>\r\n\r\n<\/div><\/div>\n<\/fieldset>\n<\/div>\n\n<\/form>\n<\/div>\n\n<\/div>\n<\/div>\n<\/div>\n<\/div>\n<\/section>\n","protected":false},"excerpt":{"rendered":"<p>Wir w\u00fcrden gerne von Ihnen h\u00f6ren. Bitte benutzen Sie das Formular.<\/p>\n","protected":false},"author":3,"featured_media":0,"parent":0,"menu_order":0,"comment_status":"closed","ping_status":"closed","template":"template-builder.php","meta":{"footnotes":""},"class_list":["post-1868","page","type-page","status-publish","hentry"],"_links":{"self":[{"href":"https:\/\/amandathompson.net\/de\/wp-json\/wp\/v2\/pages\/1868","targetHints":{"allow":["GET"]}}],"collection":[{"href":"https:\/\/amandathompson.net\/de\/wp-json\/wp\/v2\/pages"}],"about":[{"href":"https:\/\/amandathompson.net\/de\/wp-json\/wp\/v2\/types\/page"}],"author":[{"embeddable":true,"href":"https:\/\/amandathompson.net\/de\/wp-json\/wp\/v2\/users\/3"}],"replies":[{"embeddable":true,"href":"https:\/\/amandathompson.net\/de\/wp-json\/wp\/v2\/comments?post=1868"}],"version-history":[{"count":0,"href":"https:\/\/amandathompson.net\/de\/wp-json\/wp\/v2\/pages\/1868\/revisions"}],"wp:attachment":[{"href":"https:\/\/amandathompson.net\/de\/wp-json\/wp\/v2\/media?parent=1868"}],"curies":[{"name":"wp","href":"https:\/\/api.w.org\/{rel}","templated":true}]}}