{"id":1915,"date":"2020-02-20T16:03:19","date_gmt":"2020-02-20T07:03:19","guid":{"rendered":"https:\/\/amandathompson.net\/portfolio\/"},"modified":"2023-06-20T12:06:14","modified_gmt":"2023-06-20T03:06:14","slug":"portfolio","status":"publish","type":"page","link":"https:\/\/amandathompson.net\/de\/portfolio\/","title":{"rendered":"Portfolio"},"content":{"rendered":"<section id=\"builder-section-text_11\" class=\"builder-section-first builder-section builder-section-text builder-section-next-postlist builder-text-columns-1\" style=\"background-size: cover; background-repeat: no-repeat; background-position: center center;\">\n<div class=\"builder-section-content\">\n<div class=\"builder-text-row\">\n<div id=\"builder-section-text_11-column-1\" class=\"builder-text-column builder-text-column-1\">\n<div class=\"builder-text-content\">\n<p>Diese Seite zeigt eine Auswahl der neuesten Arbeiten in kleineren Bildern mit niedriger Aufl\u00f6sung.<br \/>\nWenn Sie mehr von meiner Arbeit sehen m\u00f6chten, <a href=\"https:\/\/amandathompson.net\/de\/portfolio-account-request-page-de\/\" target=\"_blank\" rel=\"noopener noreferrer\">verwenden Sie bitte die Kontaktseite, um den Passwortzugriff auf die erweiterte Portfolioauswahl<\/a> mit Bildern in h\u00f6herer Bildaufl\u00f6sung einzurichten.<\/p>\n<p>Wenn Sie bereits ein Konto f\u00fcr den privaten Portfolio-Bereich haben, bitte klicken Sie <a href=\"https:\/\/amandathompson.net\/de\/portfolio-locked-1\/\" target=\"_blank\" rel=\"noopener noreferrer\">hier,<\/a> um darauf zuzugreifen.<br \/>\nAuch k\u00f6nnten Sie dem Link folgen, der Ihnen in der E-Mail zur Kontoeinrichtung mit Ihrem Passwort gesendet wurde.<\/p>\n<\/div>\n<\/div>\n<\/div>\n<\/div>\n<\/section>\n<section id=\"builder-section-postlist_70\" class=\"builder-section-prev-text builder-section builder-section-postlist builder-section-last -mode\" style=\"background-size: cover; background-repeat: no-repeat;background-position: center center;\">\n<div class=\"builder-section-content container\">\n\t\t\t\t<div class=\"ttfmp-post-list columns-3 thumbnail-top\">\n\t\t\t\n\t\t\t\t\t\t\t\t\t\t\t\t\t\t\t\t\t\t\t\t\t<div class=\"ttfmp-post-list-row\">\n\t\t\t\t\t\t\t\t\t\t<div class=\"ttfmp-post-list-item\">\n\t\t\t\t\t\t\n<header class=\"ttfmp-post-list-item-header\">\n\t\t<figure class=\"ttfmp-post-list-item-thumb position-top\">\n\t\t\t\t<div class=\"ttfmp-post-list-item-image aspect-square\" style=\"background-image: url(https:\/\/amandathompson.net\/wp-content\/uploads\/2023\/06\/09-Eternal-Deep-Beauty-Collage-Web-Image_8cm_Series-01_1.1-1024x743.jpg);\">\n\t\t\t<a href=\"https:\/\/amandathompson.net\/de\/portfolio\/eternal-beauty-dumps-the-deep\/\">\n\t\t\t\t<span class=\"screen-reader-text\">\n\t\t\t\t\t\t\t\t\t<\/span>\n\t\t\t<\/a>\n\t\t<\/div>\n\t\t\t<\/figure>\n\t\t\t<\/header>\n\t\t\t\t\t<\/div>\n\t\t\t\t\t\t\t\t\t\t\t\t\t\t\t\t\t\t\t\t\t\t\t\t\t\t\t\t\t\t\t\t\t<div class=\"ttfmp-post-list-item\">\n\t\t\t\t\t\t\n<header class=\"ttfmp-post-list-item-header\">\n\t\t<figure class=\"ttfmp-post-list-item-thumb position-top\">\n\t\t\t\t<div class=\"ttfmp-post-list-item-image aspect-square\" style=\"background-image: url(https:\/\/amandathompson.net\/wp-content\/uploads\/2023\/06\/03-Kick-In-The-Pants-Collage-Series-Web-Image_8cm_01_1.1-743x1024.jpg);\">\n\t\t\t<a href=\"https:\/\/amandathompson.net\/de\/portfolio\/kick-in-the-pants\/\">\n\t\t\t\t<span class=\"screen-reader-text\">\n\t\t\t\t\t\t\t\t\t<\/span>\n\t\t\t<\/a>\n\t\t<\/div>\n\t\t\t<\/figure>\n\t\t\t<\/header>\n\t\t\t\t\t<\/div>\n\t\t\t\t\t\t\t\t\t\t\t\t\t\t\t\t\t\t\t\t\t\t\t\t\t\t\t\t\t\t\t\t\t<div class=\"ttfmp-post-list-item last\">\n\t\t\t\t\t\t\n<header class=\"ttfmp-post-list-item-header\">\n\t\t<figure class=\"ttfmp-post-list-item-thumb position-top\">\n\t\t\t\t<div class=\"ttfmp-post-list-item-image aspect-square\" style=\"background-image: url(https:\/\/amandathompson.net\/wp-content\/uploads\/2023\/06\/07-Simian-Simpers-Collage-Series-Web-Image_8cm_01_1.1-718x1024.jpg);\">\n\t\t\t<a href=\"https:\/\/amandathompson.net\/de\/portfolio\/simian-simpers\/\">\n\t\t\t\t<span class=\"screen-reader-text\">\n\t\t\t\t\t\t\t\t\t<\/span>\n\t\t\t<\/a>\n\t\t<\/div>\n\t\t\t<\/figure>\n\t\t\t<\/header>\n\t\t\t\t\t<\/div>\n\t\t\t\t\t\t\t\t\t\t\t<\/div>\n\t\t\t\t\t\t\t\t\t\t\t\t\t\t\t\t\t\t\t\t\t\t\t\t\t\t\t\t\t\t\t\t\t\t<div class=\"ttfmp-post-list-row\">\n\t\t\t\t\t\t\t\t\t\t<div class=\"ttfmp-post-list-item\">\n\t\t\t\t\t\t\n<header class=\"ttfmp-post-list-item-header\">\n\t\t<figure class=\"ttfmp-post-list-item-thumb position-top\">\n\t\t\t\t<div class=\"ttfmp-post-list-item-image aspect-square\" style=\"background-image: url(https:\/\/amandathompson.net\/wp-content\/uploads\/2023\/06\/01-Half-Baked-Brainies-Collage-Series-01-Web-Image_8cm_1.1-698x1024.jpg);\">\n\t\t\t<a href=\"https:\/\/amandathompson.net\/de\/portfolio\/half-baked-brainies\/\">\n\t\t\t\t<span class=\"screen-reader-text\">\n\t\t\t\t\t\t\t\t\t<\/span>\n\t\t\t<\/a>\n\t\t<\/div>\n\t\t\t<\/figure>\n\t\t\t<\/header>\n\t\t\t\t\t<\/div>\n\t\t\t\t\t\t\t\t\t\t\t\t\t\t\t\t\t\t\t\t\t\t\t\t\t\t\t\t\t\t\t\t\t<div class=\"ttfmp-post-list-item\">\n\t\t\t\t\t\t\n<header class=\"ttfmp-post-list-item-header\">\n\t\t<figure class=\"ttfmp-post-list-item-thumb position-top\">\n\t\t\t\t<div class=\"ttfmp-post-list-item-image aspect-square\" style=\"background-image: url(https:\/\/amandathompson.net\/wp-content\/uploads\/2023\/06\/02-Get-My-Gall-Collage-Series-01-Web-Image_8cm_1.1-1024x748.jpg);\">\n\t\t\t<a href=\"https:\/\/amandathompson.net\/de\/portfolio\/get-my-gall\/\">\n\t\t\t\t<span class=\"screen-reader-text\">\n\t\t\t\t\t\t\t\t\t<\/span>\n\t\t\t<\/a>\n\t\t<\/div>\n\t\t\t<\/figure>\n\t\t\t<\/header>\n\t\t\t\t\t<\/div>\n\t\t\t\t\t\t\t\t\t\t\t\t\t\t\t\t\t\t\t\t\t\t\t\t\t\t\t\t\t\t\t\t\t<div class=\"ttfmp-post-list-item last\">\n\t\t\t\t\t\t\n<header class=\"ttfmp-post-list-item-header\">\n\t\t<figure class=\"ttfmp-post-list-item-thumb position-top\">\n\t\t\t\t<div class=\"ttfmp-post-list-item-image aspect-square\" style=\"background-image: url(https:\/\/amandathompson.net\/wp-content\/uploads\/2023\/06\/05-Devilled-Mutton-Dressed-Collage-Series-Web-Image_8cm_01_1.1-744x1024.jpg);\">\n\t\t\t<a href=\"https:\/\/amandathompson.net\/de\/portfolio\/devilled-mutton-dressed\/\">\n\t\t\t\t<span class=\"screen-reader-text\">\n\t\t\t\t\t\t\t\t\t<\/span>\n\t\t\t<\/a>\n\t\t<\/div>\n\t\t\t<\/figure>\n\t\t\t<\/header>\n\t\t\t\t\t<\/div>\n\t\t\t\t\t\t\t\t\t\t\t<\/div>\n\t\t\t\t\t\t\t\t\t\t\t\t\t\t\t\t\t\t\t\t\t\t\t\t\t\t\t\t\t\t\t\t\t\t<div class=\"ttfmp-post-list-row\">\n\t\t\t\t\t\t\t\t\t\t<div class=\"ttfmp-post-list-item\">\n\t\t\t\t\t\t\n<header class=\"ttfmp-post-list-item-header\">\n\t\t<figure class=\"ttfmp-post-list-item-thumb position-top\">\n\t\t\t\t<div class=\"ttfmp-post-list-item-image aspect-square\" style=\"background-image: url(https:\/\/amandathompson.net\/wp-content\/uploads\/2023\/06\/08-Tottering-Till-Hell-Freezes-Collage-Series-Web-Image_8cm_01_1.1-743x1024.jpg);\">\n\t\t\t<a href=\"https:\/\/amandathompson.net\/de\/portfolio\/tottering-till-hell-freezes\/\">\n\t\t\t\t<span class=\"screen-reader-text\">\n\t\t\t\t\t\t\t\t\t<\/span>\n\t\t\t<\/a>\n\t\t<\/div>\n\t\t\t<\/figure>\n\t\t\t<\/header>\n\t\t\t\t\t<\/div>\n\t\t\t\t\t\t\t\t\t\t\t\t\t\t\t\t\t\t\t\t\t\t\t\t\t\t\t\t\t\t\t\t\t<div class=\"ttfmp-post-list-item\">\n\t\t\t\t\t\t\n<header class=\"ttfmp-post-list-item-header\">\n\t\t<figure class=\"ttfmp-post-list-item-thumb position-top\">\n\t\t\t\t<div class=\"ttfmp-post-list-item-image aspect-square\" style=\"background-image: url(https:\/\/amandathompson.net\/wp-content\/uploads\/2023\/06\/04-Burger-Queen-On-The-Rocks-Collage-Series-Web-Image_8cm_01_1.1-744x1024.jpg);\">\n\t\t\t<a href=\"https:\/\/amandathompson.net\/de\/portfolio\/burger-queen-on-the-rocks\/\">\n\t\t\t\t<span class=\"screen-reader-text\">\n\t\t\t\t\t\t\t\t\t<\/span>\n\t\t\t<\/a>\n\t\t<\/div>\n\t\t\t<\/figure>\n\t\t\t<\/header>\n\t\t\t\t\t<\/div>\n\t\t\t\t\t\t\t\t\t\t\t\t\t\t\t\t\t\t\t\t\t\t\t\t\t\t\t\t\t\t\t\t\t<div class=\"ttfmp-post-list-item last\">\n\t\t\t\t\t\t\n<header class=\"ttfmp-post-list-item-header\">\n\t\t<figure class=\"ttfmp-post-list-item-thumb position-top\">\n\t\t\t\t<div class=\"ttfmp-post-list-item-image aspect-square\" style=\"background-image: url(https:\/\/amandathompson.net\/wp-content\/uploads\/2023\/06\/06-High-Table-Mannered-Collage-Series-Web-Image_8cm_01_1.1-743x1024.jpg);\">\n\t\t\t<a href=\"https:\/\/amandathompson.net\/de\/portfolio\/high-table-mannered\/\">\n\t\t\t\t<span class=\"screen-reader-text\">\n\t\t\t\t\t\t\t\t\t<\/span>\n\t\t\t<\/a>\n\t\t<\/div>\n\t\t\t<\/figure>\n\t\t\t<\/header>\n\t\t\t\t\t<\/div>\n\t\t\t\t\t\t\t\t\t\t\t<\/div>\n\t\t\t\t\t\t\t\t\t\t\t\t\t\t\t\t\t\t\t\n\t\t\t\n\n\t\t\t\n\t\t\t\t\t<\/div>\n\t\t\n\t<\/div>\n<\/section>\n","protected":false},"excerpt":{"rendered":"<p>Diese Seite zeigt eine Auswahl der neuesten Arbeiten in kleineren Bildern mit niedriger Aufl\u00f6sung. Wenn Sie mehr von meiner Arbeit sehen m\u00f6chten, verwenden Sie bitte die Kontaktseite, um den Passwortzugriff auf die erweiterte Portfolioauswahl mit Bildern in h\u00f6herer Bildaufl\u00f6sung einzurichten. Wenn Sie bereits ein Konto f\u00fcr den privaten Portfolio-Bereich haben, bitte klicken Sie hier, um &hellip;<\/p>\n","protected":false},"author":3,"featured_media":0,"parent":0,"menu_order":0,"comment_status":"closed","ping_status":"closed","template":"template-builder.php","meta":{"footnotes":""},"class_list":["post-1915","page","type-page","status-publish","hentry"],"_links":{"self":[{"href":"https:\/\/amandathompson.net\/de\/wp-json\/wp\/v2\/pages\/1915","targetHints":{"allow":["GET"]}}],"collection":[{"href":"https:\/\/amandathompson.net\/de\/wp-json\/wp\/v2\/pages"}],"about":[{"href":"https:\/\/amandathompson.net\/de\/wp-json\/wp\/v2\/types\/page"}],"author":[{"embeddable":true,"href":"https:\/\/amandathompson.net\/de\/wp-json\/wp\/v2\/users\/3"}],"replies":[{"embeddable":true,"href":"https:\/\/amandathompson.net\/de\/wp-json\/wp\/v2\/comments?post=1915"}],"version-history":[{"count":1,"href":"https:\/\/amandathompson.net\/de\/wp-json\/wp\/v2\/pages\/1915\/revisions"}],"predecessor-version":[{"id":2360,"href":"https:\/\/amandathompson.net\/de\/wp-json\/wp\/v2\/pages\/1915\/revisions\/2360"}],"wp:attachment":[{"href":"https:\/\/amandathompson.net\/de\/wp-json\/wp\/v2\/media?parent=1915"}],"curies":[{"name":"wp","href":"https:\/\/api.w.org\/{rel}","templated":true}]}}